{"id":2108,"date":"2022-06-16T11:20:08","date_gmt":"2022-06-16T09:20:08","guid":{"rendered":"https:\/\/www.efbsport.it\/privati\/?post_type=product&#038;p=2108"},"modified":"2026-04-28T09:57:33","modified_gmt":"2026-04-28T07:57:33","slug":"lunette-posteriori","status":"publish","type":"product","link":"https:\/\/www.efbsport.it\/privati\/prodotto\/lunette-posteriori\/","title":{"rendered":"Lunette posteriori"},"content":{"rendered":"<p>Utili per non rovinare lo scarpone nella parte dove si appoggia l\u2019attacco posteriore.<\/p>\n<p>La trasmissione dallo scarpone allo sci con le lunette \u00e8 pi\u00f9 rapida perch\u00e9 essendo in acciaio, le lunette rendono la parte interessata pi\u00f9 rigida e quindi non torce.<\/p>\n","protected":false},"excerpt":{"rendered":"<p>Lunette in alluminio fornite con sacchetto e apposite viti di montaggio.<\/p>\n","protected":false},"featured_media":2237,"comment_status":"closed","ping_status":"closed","template":"","meta":{"_monsterinsights_skip_tracking":false,"_monsterinsights_sitenote_active":false,"_monsterinsights_sitenote_note":"","_monsterinsights_sitenote_category":0},"product_brand":[],"product_cat":[189],"product_tag":[],"class_list":{"0":"post-2108","1":"product","2":"type-product","3":"status-publish","4":"has-post-thumbnail","6":"product_cat-accessori-scarponi-da-sci","7":"product_shipping_class-tutti","9":"first","10":"instock","11":"shipping-taxable","12":"purchasable","13":"product-type-simple"},"yoast_head":"<!-- This site is optimized with the Yoast SEO plugin v26.5 - https:\/\/yoast.com\/wordpress\/plugins\/seo\/ -->\n<title>Lunette posteriori - EFB Sport<\/title>\n<meta name=\"robots\" content=\"index, follow, max-snippet:-1, max-image-preview:large, max-video-preview:-1\" \/>\n<link rel=\"canonical\" href=\"https:\/\/www.efbsport.it\/privati\/prodotto\/lunette-posteriori\/\" \/>\n<meta property=\"og:locale\" content=\"it_IT\" \/>\n<meta property=\"og:type\" content=\"article\" \/>\n<meta property=\"og:title\" content=\"Lunette posteriori - EFB Sport\" \/>\n<meta property=\"og:description\" content=\"Lunette in alluminio fornite con sacchetto e apposite viti di montaggio.\" \/>\n<meta property=\"og:url\" content=\"https:\/\/www.efbsport.it\/privati\/prodotto\/lunette-posteriori\/\" \/>\n<meta property=\"og:site_name\" content=\"EFB Sport\" \/>\n<meta property=\"article:modified_time\" content=\"2026-04-28T07:57:33+00:00\" \/>\n<meta property=\"og:image\" content=\"https:\/\/www.efbsport.it\/privati\/wp-content\/uploads\/2022\/06\/EFFEBI-2-16.png\" \/>\n\t<meta property=\"og:image:width\" content=\"1920\" \/>\n\t<meta property=\"og:image:height\" content=\"1080\" \/>\n\t<meta property=\"og:image:type\" content=\"image\/png\" \/>\n<meta name=\"twitter:card\" content=\"summary_large_image\" \/>\n<script type=\"application\/ld+json\" class=\"yoast-schema-graph\">{\"@context\":\"https:\/\/schema.org\",\"@graph\":[{\"@type\":\"WebPage\",\"@id\":\"https:\/\/www.efbsport.it\/privati\/prodotto\/lunette-posteriori\/\",\"url\":\"https:\/\/www.efbsport.it\/privati\/prodotto\/lunette-posteriori\/\",\"name\":\"Lunette posteriori - EFB Sport\",\"isPartOf\":{\"@id\":\"https:\/\/www.efbsport.it\/privati\/#website\"},\"primaryImageOfPage\":{\"@id\":\"https:\/\/www.efbsport.it\/privati\/prodotto\/lunette-posteriori\/#primaryimage\"},\"image\":{\"@id\":\"https:\/\/www.efbsport.it\/privati\/prodotto\/lunette-posteriori\/#primaryimage\"},\"thumbnailUrl\":\"https:\/\/www.efbsport.it\/privati\/wp-content\/uploads\/2022\/06\/EFFEBI-2-16.png\",\"datePublished\":\"2022-06-16T09:20:08+00:00\",\"dateModified\":\"2026-04-28T07:57:33+00:00\",\"breadcrumb\":{\"@id\":\"https:\/\/www.efbsport.it\/privati\/prodotto\/lunette-posteriori\/#breadcrumb\"},\"inLanguage\":\"it-IT\",\"potentialAction\":[{\"@type\":\"ReadAction\",\"target\":[\"https:\/\/www.efbsport.it\/privati\/prodotto\/lunette-posteriori\/\"]}]},{\"@type\":\"ImageObject\",\"inLanguage\":\"it-IT\",\"@id\":\"https:\/\/www.efbsport.it\/privati\/prodotto\/lunette-posteriori\/#primaryimage\",\"url\":\"https:\/\/www.efbsport.it\/privati\/wp-content\/uploads\/2022\/06\/EFFEBI-2-16.png\",\"contentUrl\":\"https:\/\/www.efbsport.it\/privati\/wp-content\/uploads\/2022\/06\/EFFEBI-2-16.png\",\"width\":1920,\"height\":1080},{\"@type\":\"BreadcrumbList\",\"@id\":\"https:\/\/www.efbsport.it\/privati\/prodotto\/lunette-posteriori\/#breadcrumb\",\"itemListElement\":[{\"@type\":\"ListItem\",\"position\":1,\"name\":\"Home\",\"item\":\"https:\/\/www.efbsport.it\/privati\/\"},{\"@type\":\"ListItem\",\"position\":2,\"name\":\"Shop\",\"item\":\"https:\/\/www.efbsport.it\/privati\/\"},{\"@type\":\"ListItem\",\"position\":3,\"name\":\"Lunette posteriori\"}]},{\"@type\":\"WebSite\",\"@id\":\"https:\/\/www.efbsport.it\/privati\/#website\",\"url\":\"https:\/\/www.efbsport.it\/privati\/\",\"name\":\"EFB Sport\",\"description\":\"Un nuovo sito targato WordPress\",\"publisher\":{\"@id\":\"https:\/\/www.efbsport.it\/privati\/#organization\"},\"potentialAction\":[{\"@type\":\"SearchAction\",\"target\":{\"@type\":\"EntryPoint\",\"urlTemplate\":\"https:\/\/www.efbsport.it\/privati\/?s={search_term_string}\"},\"query-input\":{\"@type\":\"PropertyValueSpecification\",\"valueRequired\":true,\"valueName\":\"search_term_string\"}}],\"inLanguage\":\"it-IT\"},{\"@type\":\"Organization\",\"@id\":\"https:\/\/www.efbsport.it\/privati\/#organization\",\"name\":\"EFB Sport\",\"url\":\"https:\/\/www.efbsport.it\/privati\/\",\"logo\":{\"@type\":\"ImageObject\",\"inLanguage\":\"it-IT\",\"@id\":\"https:\/\/www.efbsport.it\/privati\/#\/schema\/logo\/image\/\",\"url\":\"https:\/\/www.efbsport.it\/privati\/wp-content\/uploads\/2021\/06\/cropped-logo-efbsport_1-e1711367649496.webp\",\"contentUrl\":\"https:\/\/www.efbsport.it\/privati\/wp-content\/uploads\/2021\/06\/cropped-logo-efbsport_1-e1711367649496.webp\",\"width\":1914,\"height\":546,\"caption\":\"EFB Sport\"},\"image\":{\"@id\":\"https:\/\/www.efbsport.it\/privati\/#\/schema\/logo\/image\/\"}}]}<\/script>\n<!-- \/ Yoast SEO plugin. -->","yoast_head_json":{"title":"Lunette posteriori - EFB Sport","robots":{"index":"index","follow":"follow","max-snippet":"max-snippet:-1","max-image-preview":"max-image-preview:large","max-video-preview":"max-video-preview:-1"},"canonical":"https:\/\/www.efbsport.it\/privati\/prodotto\/lunette-posteriori\/","og_locale":"it_IT","og_type":"article","og_title":"Lunette posteriori - EFB Sport","og_description":"Lunette in alluminio fornite con sacchetto e apposite viti di montaggio.","og_url":"https:\/\/www.efbsport.it\/privati\/prodotto\/lunette-posteriori\/","og_site_name":"EFB Sport","article_modified_time":"2026-04-28T07:57:33+00:00","og_image":[{"width":1920,"height":1080,"url":"https:\/\/www.efbsport.it\/privati\/wp-content\/uploads\/2022\/06\/EFFEBI-2-16.png","type":"image\/png"}],"twitter_card":"summary_large_image","schema":{"@context":"https:\/\/schema.org","@graph":[{"@type":"WebPage","@id":"https:\/\/www.efbsport.it\/privati\/prodotto\/lunette-posteriori\/","url":"https:\/\/www.efbsport.it\/privati\/prodotto\/lunette-posteriori\/","name":"Lunette posteriori - EFB Sport","isPartOf":{"@id":"https:\/\/www.efbsport.it\/privati\/#website"},"primaryImageOfPage":{"@id":"https:\/\/www.efbsport.it\/privati\/prodotto\/lunette-posteriori\/#primaryimage"},"image":{"@id":"https:\/\/www.efbsport.it\/privati\/prodotto\/lunette-posteriori\/#primaryimage"},"thumbnailUrl":"https:\/\/www.efbsport.it\/privati\/wp-content\/uploads\/2022\/06\/EFFEBI-2-16.png","datePublished":"2022-06-16T09:20:08+00:00","dateModified":"2026-04-28T07:57:33+00:00","breadcrumb":{"@id":"https:\/\/www.efbsport.it\/privati\/prodotto\/lunette-posteriori\/#breadcrumb"},"inLanguage":"it-IT","potentialAction":[{"@type":"ReadAction","target":["https:\/\/www.efbsport.it\/privati\/prodotto\/lunette-posteriori\/"]}]},{"@type":"ImageObject","inLanguage":"it-IT","@id":"https:\/\/www.efbsport.it\/privati\/prodotto\/lunette-posteriori\/#primaryimage","url":"https:\/\/www.efbsport.it\/privati\/wp-content\/uploads\/2022\/06\/EFFEBI-2-16.png","contentUrl":"https:\/\/www.efbsport.it\/privati\/wp-content\/uploads\/2022\/06\/EFFEBI-2-16.png","width":1920,"height":1080},{"@type":"BreadcrumbList","@id":"https:\/\/www.efbsport.it\/privati\/prodotto\/lunette-posteriori\/#breadcrumb","itemListElement":[{"@type":"ListItem","position":1,"name":"Home","item":"https:\/\/www.efbsport.it\/privati\/"},{"@type":"ListItem","position":2,"name":"Shop","item":"https:\/\/www.efbsport.it\/privati\/"},{"@type":"ListItem","position":3,"name":"Lunette posteriori"}]},{"@type":"WebSite","@id":"https:\/\/www.efbsport.it\/privati\/#website","url":"https:\/\/www.efbsport.it\/privati\/","name":"EFB Sport","description":"Un nuovo sito targato WordPress","publisher":{"@id":"https:\/\/www.efbsport.it\/privati\/#organization"},"potentialAction":[{"@type":"SearchAction","target":{"@type":"EntryPoint","urlTemplate":"https:\/\/www.efbsport.it\/privati\/?s={search_term_string}"},"query-input":{"@type":"PropertyValueSpecification","valueRequired":true,"valueName":"search_term_string"}}],"inLanguage":"it-IT"},{"@type":"Organization","@id":"https:\/\/www.efbsport.it\/privati\/#organization","name":"EFB Sport","url":"https:\/\/www.efbsport.it\/privati\/","logo":{"@type":"ImageObject","inLanguage":"it-IT","@id":"https:\/\/www.efbsport.it\/privati\/#\/schema\/logo\/image\/","url":"https:\/\/www.efbsport.it\/privati\/wp-content\/uploads\/2021\/06\/cropped-logo-efbsport_1-e1711367649496.webp","contentUrl":"https:\/\/www.efbsport.it\/privati\/wp-content\/uploads\/2021\/06\/cropped-logo-efbsport_1-e1711367649496.webp","width":1914,"height":546,"caption":"EFB Sport"},"image":{"@id":"https:\/\/www.efbsport.it\/privati\/#\/schema\/logo\/image\/"}}]}},"jetpack_sharing_enabled":true,"_links":{"self":[{"href":"https:\/\/www.efbsport.it\/privati\/wp-json\/wp\/v2\/product\/2108","targetHints":{"allow":["GET"]}}],"collection":[{"href":"https:\/\/www.efbsport.it\/privati\/wp-json\/wp\/v2\/product"}],"about":[{"href":"https:\/\/www.efbsport.it\/privati\/wp-json\/wp\/v2\/types\/product"}],"replies":[{"embeddable":true,"href":"https:\/\/www.efbsport.it\/privati\/wp-json\/wp\/v2\/comments?post=2108"}],"wp:featuredmedia":[{"embeddable":true,"href":"https:\/\/www.efbsport.it\/privati\/wp-json\/wp\/v2\/media\/2237"}],"wp:attachment":[{"href":"https:\/\/www.efbsport.it\/privati\/wp-json\/wp\/v2\/media?parent=2108"}],"wp:term":[{"taxonomy":"product_brand","embeddable":true,"href":"https:\/\/www.efbsport.it\/privati\/wp-json\/wp\/v2\/product_brand?post=2108"},{"taxonomy":"product_cat","embeddable":true,"href":"https:\/\/www.efbsport.it\/privati\/wp-json\/wp\/v2\/product_cat?post=2108"},{"taxonomy":"product_tag","embeddable":true,"href":"https:\/\/www.efbsport.it\/privati\/wp-json\/wp\/v2\/product_tag?post=2108"}],"curies":[{"name":"wp","href":"https:\/\/api.w.org\/{rel}","templated":true}]}}